{"id":5,"date":"2019-06-17T08:18:28","date_gmt":"2019-06-17T08:18:28","guid":{"rendered":"https:\/\/maier-maurermeister.de\/?page_id=5"},"modified":"2019-06-17T08:30:32","modified_gmt":"2019-06-17T08:30:32","slug":"maier-maurermeister","status":"publish","type":"page","link":"https:\/\/maier-maurermeister.de\/","title":{"rendered":"Maier Maurermeister"},"content":{"rendered":"\n<div class=\"wp-block-image\"><figure class=\"aligncenter\"><img loading=\"lazy\" decoding=\"async\" width=\"410\" height=\"99\" src=\"https:\/\/maier-maurermeister.de\/wp-content\/uploads\/2019\/06\/maier.png\" alt=\"\" class=\"wp-image-11\" srcset=\"https:\/\/maier-maurermeister.de\/wp-content\/uploads\/2019\/06\/maier.png 410w, https:\/\/maier-maurermeister.de\/wp-content\/uploads\/2019\/06\/maier-300x72.png 300w\" sizes=\"auto, (max-width: 410px) 100vw, 410px\" \/><\/figure><\/div>\n\n\n\n<p style=\"text-align:center\">Nach 19 Jahren als angestellter Hochbaupolier habe ich mich 2003 zuerst nebenberuflich, ab 2006 dann im Vollerwerb wieder selbst\u00e4ndig gemacht.<br>Ich biete verschiedenste Dienstleistungen im Baugewerbe an, angefangen von kleinen Reparaturarbeiten bis hin zur Errichtung von Wohnh\u00e4usern oder landwirtschaftlichen Geb\u00e4uden, Erdarbeiten, Gestaltung und Ausf\u00fchrung von Aussenanlagen, Arbeiten mit Seil an schwierig zug\u00e4nglichen Stellen.<br>Mein Leitsatz ist dabei, den W\u00fcnschen und Bed\u00fcrfnissen der Kunden gr\u00f6\u00dftm\u00f6glich gerecht zu werden und diese zuverl\u00e4ssig in qualitativ hochwertige Arbeit umzusetzen.<\/p>\n\n\n\n<div class=\"wp-block-image\"><figure class=\"aligncenter\"><img loading=\"lazy\" decoding=\"async\" width=\"768\" height=\"88\" src=\"https:\/\/maier-maurermeister.de\/wp-content\/uploads\/2019\/06\/blackforest-768x88.png\" alt=\"\" class=\"wp-image-17\" srcset=\"https:\/\/maier-maurermeister.de\/wp-content\/uploads\/2019\/06\/blackforest-768x88.png 768w, https:\/\/maier-maurermeister.de\/wp-content\/uploads\/2019\/06\/blackforest-768x88-300x34.png 300w\" sizes=\"auto, (max-width: 768px) 100vw, 768px\" \/><\/figure><\/div>\n","protected":false},"excerpt":{"rendered":"<p>Nach 19 Jahren als angestellter Hochbaupolier habe ich mich 2003 zuerst nebenberuflich, ab 2006 dann im Vollerwerb wieder selbst\u00e4ndig gemacht.Ich biete verschiedenste Dienstleistungen im Baugewerbe an, angefangen von kleinen Reparaturarbeiten bis hin zur Errichtung von Wohnh\u00e4usern oder landwirtschaftlichen Geb\u00e4uden, Erdarbeiten,<\/p>\n","protected":false},"author":1,"featured_media":0,"parent":0,"menu_order":0,"comment_status":"closed","ping_status":"closed","template":"","meta":{"ngg_post_thumbnail":0,"footnotes":""},"class_list":["post-5","page","type-page","status-publish","hentry"],"_links":{"self":[{"href":"https:\/\/maier-maurermeister.de\/index.php?rest_route=\/wp\/v2\/pages\/5","targetHints":{"allow":["GET"]}}],"collection":[{"href":"https:\/\/maier-maurermeister.de\/index.php?rest_route=\/wp\/v2\/pages"}],"about":[{"href":"https:\/\/maier-maurermeister.de\/index.php?rest_route=\/wp\/v2\/types\/page"}],"author":[{"embeddable":true,"href":"https:\/\/maier-maurermeister.de\/index.php?rest_route=\/wp\/v2\/users\/1"}],"replies":[{"embeddable":true,"href":"https:\/\/maier-maurermeister.de\/index.php?rest_route=%2Fwp%2Fv2%2Fcomments&post=5"}],"version-history":[{"count":5,"href":"https:\/\/maier-maurermeister.de\/index.php?rest_route=\/wp\/v2\/pages\/5\/revisions"}],"predecessor-version":[{"id":19,"href":"https:\/\/maier-maurermeister.de\/index.php?rest_route=\/wp\/v2\/pages\/5\/revisions\/19"}],"wp:attachment":[{"href":"https:\/\/maier-maurermeister.de\/index.php?rest_route=%2Fwp%2Fv2%2Fmedia&parent=5"}],"curies":[{"name":"wp","href":"https:\/\/api.w.org\/{rel}","templated":true}]}}